{"id":325,"date":"2023-05-19T20:15:23","date_gmt":"2023-05-19T23:15:23","guid":{"rendered":"https:\/\/ism.uccuyo.edu.ar\/es-ar\/?page_id=325"},"modified":"2025-04-15T14:39:15","modified_gmt":"2025-04-15T17:39:15","slug":"inicio-maquetado-de-anita","status":"publish","type":"page","link":"https:\/\/isb.uccuyo.edu.ar\/es-ar\/","title":{"rendered":"Inicio"},"content":{"rendered":"<p>[et_pb_section fb_built=\u00bb1&#8243; _builder_version=\u00bb4.17.3&#8243; _module_preset=\u00bbdefault\u00bb background_image=\u00bbhttps:\/\/www.revistaadventista.com.br\/wp-content\/uploads\/2015\/05\/Capa-RA-maio-100-anos-do-Unasp-4.jpg\u00bb background_enable_video_mp4=\u00bboff\u00bb background_video_webm=\u00bbhttps:\/\/ism.uccuyo.edu.ar\/es-ar\/wp-content\/uploads\/2023\/06\/Proyecto-sin-titulo10.webm\u00bb height=\u00bb410px\u00bb global_colors_info=\u00bb{}\u00bb][et_pb_row column_structure=\u00bb1_3,1_3,1_3&#8243; _builder_version=\u00bb4.17.3&#8243; _module_preset=\u00bbdefault\u00bb transform_scale_tablet=\u00bb\u00bb transform_scale_phone=\u00bb\u00bb transform_scale_last_edited=\u00bbon|phone\u00bb transform_translate=\u00bb0px|135px\u00bb transform_translate_tablet=\u00bb0px|135px\u00bb transform_translate_phone=\u00bb0px|0px\u00bb transform_translate_last_edited=\u00bbon|phone\u00bb transform_translate_linked=\u00bboff\u00bb transform_rotate_tablet=\u00bb\u00bb transform_rotate_phone=\u00bb\u00bb transform_rotate_last_edited=\u00bbon|phone\u00bb transform_skew_tablet=\u00bb\u00bb transform_skew_phone=\u00bb\u00bb transform_skew_last_edited=\u00bbon|phone\u00bb transform_origin_tablet=\u00bb\u00bb transform_origin_phone=\u00bb\u00bb transform_origin_last_edited=\u00bbon|phone\u00bb transform_styles_last_edited=\u00bbon|phone\u00bb width=\u00bb90%\u00bb width_tablet=\u00bb90%\u00bb width_phone=\u00bb90%\u00bb width_last_edited=\u00bbon|phone\u00bb max_width=\u00bb2024px\u00bb max_width_tablet=\u00bb2024px\u00bb max_width_phone=\u00bb2024px\u00bb max_width_last_edited=\u00bbon|phone\u00bb module_alignment=\u00bbcenter\u00bb custom_margin=\u00bb55px||||false|false\u00bb transform_styles_tablet=\u00bb\u00bb transform_styles_phone=\u00bb\u00bb global_colors_info=\u00bb{}\u00bb custom_margin__hover_enabled=\u00bboff|desktop\u00bb][et_pb_column type=\u00bb1_3&#8243; _builder_version=\u00bb4.17.3&#8243; _module_preset=\u00bbdefault\u00bb global_colors_info=\u00bb{}\u00bb][et_pb_text _builder_version=\u00bb4.17.3&#8243; _module_preset=\u00bbdefault\u00bb text_font=\u00bbDroid Serif Classic||||||||\u00bb text_text_color=\u00bb#FFFFFF\u00bb text_font_size=\u00bb20px\u00bb background_color=\u00bbrgba(163,126,226,0.82)\u00bb text_orientation=\u00bbcenter\u00bb width=\u00bb75%\u00bb module_alignment=\u00bbcenter\u00bb height=\u00bb100px\u00bb height_tablet=\u00bb100px\u00bb height_phone=\u00bb60px\u00bb height_last_edited=\u00bbon|phone\u00bb custom_padding=\u00bb39px||||false|false\u00bb custom_padding_tablet=\u00bb39px||||false|false\u00bb custom_padding_phone=\u00bb20px||||false|false\u00bb custom_padding_last_edited=\u00bbon|phone\u00bb link_option_url=\u00bbhttps:\/\/isb.uccuyo.edu.ar\/es-ar\/index.php\/historia-institucional\/\u00bb text_font_size_tablet=\u00bb20px\u00bb text_font_size_phone=\u00bb20px\u00bb text_font_size_last_edited=\u00bbon|phone\u00bb border_radii=\u00bbon|10px|10px|10px|10px\u00bb global_colors_info=\u00bb{}\u00bb]<\/p>\n<p>\u00bfQUI\u00c9NES SOMOS?<\/p>\n<p>[\/et_pb_text][\/et_pb_column][et_pb_column type=\u00bb1_3&#8243; _builder_version=\u00bb4.17.3&#8243; _module_preset=\u00bbdefault\u00bb global_colors_info=\u00bb{}\u00bb][et_pb_text _builder_version=\u00bb4.17.3&#8243; _module_preset=\u00bbdefault\u00bb text_font=\u00bbDroid Serif Classic||||||||\u00bb text_text_color=\u00bb#FFFFFF\u00bb text_font_size=\u00bb20px\u00bb background_color=\u00bbrgba(163,126,226,0.82)\u00bb text_orientation=\u00bbcenter\u00bb width=\u00bb75%\u00bb module_alignment=\u00bbcenter\u00bb height=\u00bb100px\u00bb height_tablet=\u00bb100px\u00bb height_phone=\u00bb60px\u00bb height_last_edited=\u00bbon|phone\u00bb custom_padding=\u00bb39px||||false|false\u00bb custom_padding_tablet=\u00bb39px||||false|false\u00bb custom_padding_phone=\u00bb20px||||false|false\u00bb custom_padding_last_edited=\u00bbon|phone\u00bb link_option_url=\u00bbhttps:\/\/isb.uccuyo.edu.ar\/es-ar\/index.php\/oferta-educativa\/\u00bb text_font_size_tablet=\u00bb20px\u00bb text_font_size_phone=\u00bb20px\u00bb text_font_size_last_edited=\u00bbon|phone\u00bb border_radii=\u00bbon|10px|10px|10px|10px\u00bb global_colors_info=\u00bb{}\u00bb]<\/p>\n<p>OFERTA EDUCATIVA<\/p>\n<p>[\/et_pb_text][\/et_pb_column][et_pb_column type=\u00bb1_3&#8243; _builder_version=\u00bb4.17.3&#8243; _module_preset=\u00bbdefault\u00bb global_colors_info=\u00bb{}\u00bb][et_pb_text _builder_version=\u00bb4.17.3&#8243; _module_preset=\u00bbdefault\u00bb text_font=\u00bbDroid Serif Classic||||||||\u00bb text_text_color=\u00bb#FFFFFF\u00bb text_font_size=\u00bb20px\u00bb background_color=\u00bbrgba(163,126,226,0.82)\u00bb text_orientation=\u00bbcenter\u00bb width=\u00bb75%\u00bb module_alignment=\u00bbcenter\u00bb height=\u00bb100px\u00bb height_tablet=\u00bb100px\u00bb height_phone=\u00bb60px\u00bb height_last_edited=\u00bbon|phone\u00bb custom_padding=\u00bb39px||||false|false\u00bb custom_padding_tablet=\u00bb39px||||false|false\u00bb custom_padding_phone=\u00bb20px||||false|false\u00bb custom_padding_last_edited=\u00bbon|phone\u00bb link_option_url=\u00bbhttps:\/\/isb.uccuyo.edu.ar\/es-ar\/index.php\/autoridades\/\u00bb text_font_size_tablet=\u00bb20px\u00bb text_font_size_phone=\u00bb20px\u00bb text_font_size_last_edited=\u00bbon|phone\u00bb border_radii=\u00bbon|10px|10px|10px|10px\u00bb global_colors_info=\u00bb{}\u00bb]<\/p>\n<p>AUTORIDADES<\/p>\n<p>[\/et_pb_text][\/et_pb_column][\/et_pb_row][\/et_pb_section][et_pb_section fb_built=\u00bb1&#8243; fullwidth=\u00bbon\u00bb disabled_on=\u00bbon|on|on\u00bb _builder_version=\u00bb4.17.3&#8243; _module_preset=\u00bbdefault\u00bb disabled=\u00bbon\u00bb global_colors_info=\u00bb{}\u00bb][et_pb_fullwidth_slider _builder_version=\u00bb4.17.3&#8243; _module_preset=\u00bbdefault\u00bb height=\u00bb446px\u00bb height_tablet=\u00bb446px\u00bb height_phone=\u00bb446px\u00bb height_last_edited=\u00bbon|desktop\u00bb global_colors_info=\u00bb{}\u00bb][et_pb_slide _builder_version=\u00bb4.17.3&#8243; _module_preset=\u00bbdefault\u00bb background_image=\u00bbhttps:\/\/isb.uccuyo.edu.ar\/es-ar\/wp-content\/uploads\/2023\/12\/1.jpg\u00bb background_enable_image=\u00bbon\u00bb background_last_edited=\u00bbon|phone\u00bb background_image_phone=\u00bbhttps:\/\/isb.uccuyo.edu.ar\/es-ar\/wp-content\/uploads\/2023\/12\/carrusel-celu-1.jpg\u00bb background_enable_image_phone=\u00bbon\u00bb global_colors_info=\u00bb{}\u00bb sticky_transition=\u00bbon\u00bb][\/et_pb_slide][et_pb_slide _builder_version=\u00bb4.17.3&#8243; _module_preset=\u00bbdefault\u00bb background_image=\u00bbhttps:\/\/isb.uccuyo.edu.ar\/es-ar\/wp-content\/uploads\/2023\/12\/2.jpg\u00bb background_enable_image=\u00bbon\u00bb background_last_edited=\u00bbon|desktop\u00bb background_image_phone=\u00bbhttps:\/\/isb.uccuyo.edu.ar\/es-ar\/wp-content\/uploads\/2023\/12\/carrusel-celu-2.jpg\u00bb background_enable_image_phone=\u00bbon\u00bb global_colors_info=\u00bb{}\u00bb sticky_transition=\u00bbon\u00bb][\/et_pb_slide][et_pb_slide _builder_version=\u00bb4.17.3&#8243; _module_preset=\u00bbdefault\u00bb background_image=\u00bbhttps:\/\/isb.uccuyo.edu.ar\/es-ar\/wp-content\/uploads\/2023\/12\/3.jpg\u00bb background_enable_image=\u00bbon\u00bb background_last_edited=\u00bbon|phone\u00bb background_image_phone=\u00bbhttps:\/\/isb.uccuyo.edu.ar\/es-ar\/wp-content\/uploads\/2023\/12\/carrusel-celu-3.jpg\u00bb background_enable_image_phone=\u00bbon\u00bb global_colors_info=\u00bb{}\u00bb sticky_transition=\u00bbon\u00bb][\/et_pb_slide][et_pb_slide _builder_version=\u00bb4.17.3&#8243; _module_preset=\u00bbdefault\u00bb background_image=\u00bbhttps:\/\/isb.uccuyo.edu.ar\/es-ar\/wp-content\/uploads\/2023\/12\/4.jpg\u00bb background_enable_image=\u00bbon\u00bb background_last_edited=\u00bbon|phone\u00bb background_image_phone=\u00bbhttps:\/\/isb.uccuyo.edu.ar\/es-ar\/wp-content\/uploads\/2023\/12\/carrusel-celu-4.jpg\u00bb background_enable_image_phone=\u00bbon\u00bb global_colors_info=\u00bb{}\u00bb sticky_transition=\u00bbon\u00bb][\/et_pb_slide][et_pb_slide _builder_version=\u00bb4.17.3&#8243; _module_preset=\u00bbdefault\u00bb background_image=\u00bbhttps:\/\/isb.uccuyo.edu.ar\/es-ar\/wp-content\/uploads\/2023\/12\/5.jpg\u00bb background_enable_image=\u00bbon\u00bb background_last_edited=\u00bbon|phone\u00bb background_image_phone=\u00bbhttps:\/\/isb.uccuyo.edu.ar\/es-ar\/wp-content\/uploads\/2023\/12\/carrusel-celu-5.jpg\u00bb background_enable_image_phone=\u00bbon\u00bb global_colors_info=\u00bb{}\u00bb sticky_transition=\u00bbon\u00bb][\/et_pb_slide][et_pb_slide _builder_version=\u00bb4.17.3&#8243; _module_preset=\u00bbdefault\u00bb background_image=\u00bbhttps:\/\/isb.uccuyo.edu.ar\/es-ar\/wp-content\/uploads\/2023\/12\/6.jpg\u00bb background_enable_image=\u00bbon\u00bb background_last_edited=\u00bbon|phone\u00bb background_image_phone=\u00bbhttps:\/\/isb.uccuyo.edu.ar\/es-ar\/wp-content\/uploads\/2023\/12\/carrusel-celu-6.jpg\u00bb background_enable_image_phone=\u00bbon\u00bb global_colors_info=\u00bb{}\u00bb sticky_transition=\u00bbon\u00bb][\/et_pb_slide][\/et_pb_fullwidth_slider][\/et_pb_section][et_pb_section fb_built=\u00bb1&#8243; _builder_version=\u00bb4.17.3&#8243; _module_preset=\u00bbdefault\u00bb custom_padding=\u00bb0px||0px||false|false\u00bb global_colors_info=\u00bb{}\u00bb][et_pb_row column_structure=\u00bb1_2,1_2&#8243; _builder_version=\u00bb4.17.3&#8243; _module_preset=\u00bbdefault\u00bb width=\u00bbauto\u00bb max_width=\u00bbnone\u00bb custom_padding=\u00bb0px||0px||true|false\u00bb global_colors_info=\u00bb{}\u00bb][et_pb_column type=\u00bb1_2&#8243; _builder_version=\u00bb4.17.3&#8243; _module_preset=\u00bbdefault\u00bb global_colors_info=\u00bb{}\u00bb][et_pb_text _builder_version=\u00bb4.17.3&#8243; _module_preset=\u00bbdefault\u00bb text_font=\u00bbDroid Serif Bold Classic||||||||\u00bb text_text_color=\u00bb#A37EE2&#8243; text_font_size=\u00bb22px\u00bb text_line_height=\u00bb1.2em\u00bb background_enable_color=\u00bboff\u00bb width=\u00bb60%\u00bb width_tablet=\u00bb60%\u00bb width_phone=\u00bb75%\u00bb width_last_edited=\u00bbon|phone\u00bb module_alignment=\u00bbcenter\u00bb custom_margin=\u00bb90px||||false|false\u00bb global_colors_info=\u00bb{}\u00bb]<\/p>\n<p>MISI\u00d3N<\/p>\n<p>[\/et_pb_text][et_pb_text content_tablet=\u00bb<\/p>\n<p>Es misi\u00f3n del I.S.F.D. \u201cSanta Mar\u00eda\u201d la formaci\u00f3n de profesionales de la educaci\u00f3n, especialmente comprometidos con un ideario cat\u00f3lico, y conscientes de su misi\u00f3n laical.<\/p>\n<p>\u00bb content_phone=\u00bb<\/p>\n<p>Es misi\u00f3n del I.S.F.D. \u201cSanta Mar\u00eda\u201d la formaci\u00f3n de profesionales de la edu- caci\u00f3n, especialmente comprometidos con un ideario cat\u00f3lico, y conscientes de su misi\u00f3n laical.<\/p>\n<p>\u00bb content_last_edited=\u00bbon|phone\u00bb _builder_version=\u00bb4.17.3&#8243; _module_preset=\u00bbdefault\u00bb text_font=\u00bbDroid Serif Italic||||||||\u00bb text_font_size=\u00bb15px\u00bb text_line_height=\u00bb1.5em\u00bb background_enable_color=\u00bboff\u00bb text_orientation=\u00bbjustified\u00bb width=\u00bb60%\u00bb width_tablet=\u00bb60%\u00bb width_phone=\u00bb77%\u00bb width_last_edited=\u00bbon|phone\u00bb module_alignment=\u00bbcenter\u00bb custom_padding=\u00bb|105px|||false|false\u00bb custom_padding_tablet=\u00bb|90px|||false|false\u00bb custom_padding_phone=\u00bb|0px|||false|false\u00bb custom_padding_last_edited=\u00bbon|phone\u00bb hover_enabled=\u00bb0&#8243; text_font_size_tablet=\u00bb15px\u00bb text_font_size_phone=\u00bb14px\u00bb text_font_size_last_edited=\u00bbon|phone\u00bb global_colors_info=\u00bb{}\u00bb sticky_enabled=\u00bb0&#8243;]El ISFD y la comunidad en la que se encuentra inserto, reconoce el rol y trayectoria como \u00fanica instituci\u00f3n de educaci\u00f3n superior en el Departamento y cuya \u00e1rea de influencia se proyecta a la Provincia vecina de Mendoza. Por tal motivo, se propone:<br \/>\nBrindar una educaci\u00f3n human\u00edstica y cristiana, conforme al ejemplo de vida y obra de San Buenaventura, que favorezca el desarrollo de las capacidades, los valores y la vocaci\u00f3n de servicio en la comunidad de los estudiantes.<br \/>\nGarantizar un ambiente en el que se respete y potencie las caracter\u00edsticas individuales, as\u00ed construyendo profesionales creativos, reflexivos, cr\u00edticos y capaces de adecuarse y responder a las necesidades que la sociedad actual les presenta d\u00eda a d\u00eda.<br \/>\n[\/et_pb_text][et_pb_text _builder_version=\u00bb4.17.3&#8243; _module_preset=\u00bbdefault\u00bb text_font=\u00bbDroid Serif Bold Classic||||||||\u00bb text_text_color=\u00bb#A37EE2&#8243; text_font_size=\u00bb22px\u00bb text_line_height=\u00bb1.2em\u00bb background_enable_color=\u00bboff\u00bb width=\u00bb60%\u00bb width_tablet=\u00bb60%\u00bb width_phone=\u00bb77%\u00bb width_last_edited=\u00bbon|phone\u00bb module_alignment=\u00bbcenter\u00bb custom_margin=\u00bb62px||||false|false\u00bb global_colors_info=\u00bb{}\u00bb]<\/p>\n<p>VISI\u00d3N<\/p>\n<p>[\/et_pb_text][et_pb_text _builder_version=\u00bb4.17.3&#8243; _module_preset=\u00bbdefault\u00bb text_font=\u00bbDroid Serif Italic||||||||\u00bb text_font_size=\u00bb15px\u00bb text_line_height=\u00bb1.5em\u00bb background_enable_color=\u00bboff\u00bb text_orientation=\u00bbjustified\u00bb width=\u00bb60%\u00bb width_tablet=\u00bb60%\u00bb width_phone=\u00bb77%\u00bb width_last_edited=\u00bbon|phone\u00bb module_alignment=\u00bbcenter\u00bb custom_margin=\u00bb||||false|false\u00bb custom_margin_last_edited=\u00bboff|phone\u00bb custom_padding=\u00bb|90px|||false|false\u00bb custom_padding_tablet=\u00bb|90px|||false|false\u00bb custom_padding_phone=\u00bb|0px|||false|false\u00bb custom_padding_last_edited=\u00bbon|phone\u00bb hover_enabled=\u00bb0&#8243; text_font_size_tablet=\u00bb15px\u00bb text_font_size_phone=\u00bb14px\u00bb text_font_size_last_edited=\u00bbon|phone\u00bb global_colors_info=\u00bb{}\u00bb sticky_enabled=\u00bb0&#8243;]El ISFD San Buenaventura, como comunidad educativa, pretende brindar una formaci\u00f3n docente integral cimentada en la inclusi\u00f3n, la diversidad y los valores cristianos, que fortalezca una mejor relaci\u00f3n entre los diferentes part\u00edcipes de nuestra sociedad.[\/et_pb_text][\/et_pb_column][et_pb_column type=\u00bb1_2&#8243; _builder_version=\u00bb4.17.3&#8243; _module_preset=\u00bbdefault\u00bb global_colors_info=\u00bb{}\u00bb][et_pb_text _builder_version=\u00bb4.17.3&#8243; _module_preset=\u00bbdefault\u00bb text_font=\u00bbDroid Serif Italic||||||||\u00bb text_text_color=\u00bb#FFFFFF\u00bb text_font_size=\u00bb20px\u00bb text_line_height=\u00bb1.6em\u00bb header_font=\u00bbDroid Serif Clasic||||||||\u00bb header_text_color=\u00bb#FFFFFF\u00bb header_3_font=\u00bbDroid Serif Clasic||||||||\u00bb header_3_text_color=\u00bb#FFFFFF\u00bb header_3_font_size=\u00bb32px\u00bb background_color=\u00bb#A37EE2&#8243; text_orientation=\u00bbcenter\u00bb height=\u00bb408px\u00bb custom_margin=\u00bb0px||0px|-175px|false|false\u00bb custom_margin_tablet=\u00bb0px||0px|-175px|false|false\u00bb custom_margin_phone=\u00bb0px||0px|0px|false|false\u00bb custom_margin_last_edited=\u00bbon|phone\u00bb custom_padding=\u00bb90px||||false|false\u00bb module_alignment_tablet=\u00bb\u00bb module_alignment_phone=\u00bb\u00bb module_alignment_last_edited=\u00bbon|phone\u00bb global_colors_info=\u00bb{}\u00bb]<\/p>\n<p>Acced\u00e9 al<\/p>\n<h3>CAMPUS VIRTUAL<\/h3>\n<p><a href=\"#\" target=\"_blank\" rel=\"noopener\"><br \/><img loading=\"lazy\" decoding=\"async\" src=\"https:\/\/ism.uccuyo.edu.ar\/es-ar\/wp-content\/uploads\/2023\/05\/icono-Campus-virtual.png\" width=\"129\" height=\"87\" alt=\"\" class=\"wp-image-642 alignnone size-full\" \/><br \/><\/a><\/p>\n<p>[\/et_pb_text][et_pb_text _builder_version=\u00bb4.17.3&#8243; _module_preset=\u00bbdefault\u00bb text_font=\u00bbDroid Serif Italic||||||||\u00bb text_text_color=\u00bb#A37EE2&#8243; text_font_size=\u00bb20px\u00bb text_line_height=\u00bb1.6em\u00bb header_font=\u00bb||||||||\u00bb header_text_color=\u00bb#FFFFFF\u00bb header_3_font=\u00bb||||||||\u00bb header_3_text_color=\u00bb#A37EE2&#8243; header_3_font_size=\u00bb32px\u00bb background_color=\u00bb#E3D9F9&#8243; text_orientation=\u00bbcenter\u00bb height=\u00bb408px\u00bb custom_margin=\u00bb|||-175px|false|false\u00bb custom_margin_tablet=\u00bb|||-175px|false|false\u00bb custom_margin_phone=\u00bb|||0px|false|false\u00bb custom_margin_last_edited=\u00bbon|phone\u00bb custom_padding=\u00bb90px||||false|false\u00bb global_colors_info=\u00bb{}\u00bb]<\/p>\n<p>Comun\u00edcate mediante nuestra<\/p>\n<h3>L\u00cdNEA DE CONTACTOS<\/h3>\n<p><a href=\"https:\/\/isb.uccuyo.edu.ar\/es-ar\/index.php\/contacto\/\"><br \/><img loading=\"lazy\" decoding=\"async\" src=\"https:\/\/ism.uccuyo.edu.ar\/es-ar\/wp-content\/uploads\/2023\/06\/ultimo-icono-whatsapp-boton-linea-de-contacto.png\" width=\"108\" height=\"109\" alt=\"\" class=\"wp-image-721 alignnone size-full\" \/><br \/><\/a><\/p>\n<p>[\/et_pb_text][\/et_pb_column][\/et_pb_row][\/et_pb_section]<\/p>\n","protected":false},"excerpt":{"rendered":"<p>\u00bfQUI\u00c9NES SOMOS?OFERTA EDUCATIVAAUTORIDADESMISI\u00d3NEl ISFD y la comunidad en la que se encuentra inserto, reconoce el rol y trayectoria como \u00fanica instituci\u00f3n de educaci\u00f3n superior en el Departamento y cuya \u00e1rea de influencia se proyecta a la Provincia vecina de Mendoza. Por tal motivo, se propone: Brindar una educaci\u00f3n human\u00edstica y cristiana, conforme al ejemplo de [&hellip;]<\/p>\n","protected":false},"author":2,"featured_media":0,"parent":0,"menu_order":0,"comment_status":"closed","ping_status":"closed","template":"","meta":{"_et_pb_use_builder":"on","_et_pb_old_content":"","_et_gb_content_width":"","footnotes":""},"class_list":["post-325","page","type-page","status-publish","hentry"],"_links":{"self":[{"href":"https:\/\/isb.uccuyo.edu.ar\/es-ar\/index.php\/wp-json\/wp\/v2\/pages\/325","targetHints":{"allow":["GET"]}}],"collection":[{"href":"https:\/\/isb.uccuyo.edu.ar\/es-ar\/index.php\/wp-json\/wp\/v2\/pages"}],"about":[{"href":"https:\/\/isb.uccuyo.edu.ar\/es-ar\/index.php\/wp-json\/wp\/v2\/types\/page"}],"author":[{"embeddable":true,"href":"https:\/\/isb.uccuyo.edu.ar\/es-ar\/index.php\/wp-json\/wp\/v2\/users\/2"}],"replies":[{"embeddable":true,"href":"https:\/\/isb.uccuyo.edu.ar\/es-ar\/index.php\/wp-json\/wp\/v2\/comments?post=325"}],"version-history":[{"count":86,"href":"https:\/\/isb.uccuyo.edu.ar\/es-ar\/index.php\/wp-json\/wp\/v2\/pages\/325\/revisions"}],"predecessor-version":[{"id":1439,"href":"https:\/\/isb.uccuyo.edu.ar\/es-ar\/index.php\/wp-json\/wp\/v2\/pages\/325\/revisions\/1439"}],"wp:attachment":[{"href":"https:\/\/isb.uccuyo.edu.ar\/es-ar\/index.php\/wp-json\/wp\/v2\/media?parent=325"}],"curies":[{"name":"wp","href":"https:\/\/api.w.org\/{rel}","templated":true}]}}