{"id":48,"date":"2023-03-25T01:43:00","date_gmt":"2023-03-25T04:43:00","guid":{"rendered":"https:\/\/uccuyo.com.ar\/ism\/?page_id=48"},"modified":"2023-11-24T17:15:54","modified_gmt":"2023-11-24T20:15:54","slug":"historia-institucional","status":"publish","type":"page","link":"https:\/\/isb.uccuyo.edu.ar\/es-ar\/index.php\/historia-institucional\/","title":{"rendered":"Ideario Institucional"},"content":{"rendered":"<p>[et_pb_section fb_built=\u00bb1&#8243; _builder_version=\u00bb4.17.3&#8243; _module_preset=\u00bbdefault\u00bb custom_padding=\u00bb||0px||false|false\u00bb global_colors_info=\u00bb{}\u00bb][et_pb_row column_structure=\u00bb1_2,1_2&#8243; _builder_version=\u00bb4.17.3&#8243; _module_preset=\u00bbdefault\u00bb width=\u00bb100%\u00bb width_tablet=\u00bb100%\u00bb width_phone=\u00bb80%\u00bb width_last_edited=\u00bbon|phone\u00bb max_width=\u00bb1101.6px\u00bb max_width_tablet=\u00bb1101.6px\u00bb max_width_phone=\u00bb1101.6px\u00bb max_width_last_edited=\u00bbon|phone\u00bb custom_padding=\u00bb||85px||false|false\u00bb border_width_bottom=\u00bb1px\u00bb border_color_bottom=\u00bb#8286D5&#8243; global_colors_info=\u00bb{}\u00bb][et_pb_column type=\u00bb1_2&#8243; _builder_version=\u00bb4.17.3&#8243; _module_preset=\u00bbdefault\u00bb global_colors_info=\u00bb{}\u00bb][et_pb_text _builder_version=\u00bb4.17.3&#8243; _module_preset=\u00bbdefault\u00bb text_font=\u00bbDroid Serif Bold Classic||||||||\u00bb text_text_color=\u00bb#A37EE2&#8243; text_font_size=\u00bb20px\u00bb text_line_height=\u00bb1.2em\u00bb custom_padding=\u00bb||||false|false\u00bb hover_enabled=\u00bb0&#8243; global_colors_info=\u00bb{}\u00bb sticky_enabled=\u00bb0&#8243;]<\/p>\n<p>IDEARIO INSTITUCIONAL<\/p>\n<p>[\/et_pb_text][et_pb_text _builder_version=\u00bb4.17.3&#8243; _module_preset=\u00bbdefault\u00bb text_font=\u00bbDroid Serif Italic||||||||\u00bb text_text_color=\u00bb#6f6f6e\u00bb text_font_size=\u00bb15px\u00bb text_line_height=\u00bb1.5em\u00bb text_orientation=\u00bbjustified\u00bb width=\u00bb95%\u00bb width_tablet=\u00bb95%\u00bb width_phone=\u00bbauto\u00bb width_last_edited=\u00bbon|phone\u00bb module_alignment=\u00bbleft\u00bb hover_enabled=\u00bb0&#8243; module_alignment_tablet=\u00bbleft\u00bb module_alignment_phone=\u00bbleft\u00bb module_alignment_last_edited=\u00bbon|phone\u00bb global_colors_info=\u00bb{}\u00bb sticky_enabled=\u00bb0&#8243;]<\/p>\n<p>La Universidad Cat\u00f3lica de Cuyo, desde su creaci\u00f3n y a trav\u00e9s del tiempo, se proyecta sobre la comunidad sanjuanina como un haz de luz que ilumina en la Fe y en el Saber, las mentes y corazones de quienes se acercan a sus aulas. Las autoridades de esta Casa de Altos Estudios consideraron y propiciaron oportunamente la creaci\u00f3n de otras unidades acad\u00e9micas que atendieran los diferentes niveles del Sistema Educativo, para hacer posible la formaci\u00f3n integral del hombre desde su m\u00e1s tierna edad. En el seno de esta idea nacieron los Colegios Nuestra Se\u00f1ora de Tulum, Nuestra Se\u00f1ora de las Nieves, Mons. Dr. Audino Rodr\u00edguez y Olmos y Jes\u00fas de la Buena Esperanza y<br \/>los Institutos de Formaci\u00f3n Docente Santa Mar\u00eda y San Buenaventura,<\/p>\n<p>[\/et_pb_text][\/et_pb_column][et_pb_column type=\u00bb1_2&#8243; _builder_version=\u00bb4.17.3&#8243; _module_preset=\u00bbdefault\u00bb global_colors_info=\u00bb{}\u00bb][et_pb_text _builder_version=\u00bb4.17.3&#8243; _module_preset=\u00bbdefault\u00bb text_font=\u00bbDroid Serif Italic||||||||\u00bb text_text_color=\u00bb#6f6f6e\u00bb text_font_size=\u00bb15px\u00bb text_line_height=\u00bb1.5em\u00bb text_orientation=\u00bbjustified\u00bb width=\u00bb95%\u00bb width_tablet=\u00bb95%\u00bb width_phone=\u00bbauto\u00bb width_last_edited=\u00bbon|phone\u00bb module_alignment=\u00bbright\u00bb custom_margin=\u00bb||||false|false\u00bb custom_padding=\u00bb55px||||false|false\u00bb custom_padding_tablet=\u00bb55px||||false|false\u00bb custom_padding_phone=\u00bb40px||||false|false\u00bb custom_padding_last_edited=\u00bbon|phone\u00bb hover_enabled=\u00bb0&#8243; module_alignment_tablet=\u00bbright\u00bb module_alignment_phone=\u00bbleft\u00bb module_alignment_last_edited=\u00bbon|phone\u00bb global_colors_info=\u00bb{}\u00bb sticky_enabled=\u00bb0&#8243;]y que por su estatuto en el art. 3 forman parte de la misma Universidad Cat\u00f3lica de Cuyo. Bajo el concepto cristiano de que el hombre es un ser trascendente que goza de libertad para construir su propio proyecto de vida y acceder as\u00ed a la Gloria de Dios, las citadas Instituciones educativas proponen como fin, colaborar activamente en la construcci\u00f3n que la persona hace de s\u00ed misma, apoyada en los cimientos de su familia y proyectada a la vida social. As\u00ed imitando en lo posible a la Iglesia Cat\u00f3lica, Madre y Maestra de los pueblos en la misi\u00f3n confiada de su Divino Fundador, de educar y dirigir a sus hijos, se establece el presente ideario, sustentado en los siguientes principios fundamentales[\/et_pb_text][\/et_pb_column][\/et_pb_row][\/et_pb_section][et_pb_section fb_built=\u00bb1&#8243; _builder_version=\u00bb4.17.3&#8243; _module_preset=\u00bbdefault\u00bb global_colors_info=\u00bb{}\u00bb][et_pb_row column_structure=\u00bb1_2,1_2&#8243; _builder_version=\u00bb4.17.3&#8243; _module_preset=\u00bbdefault\u00bb width=\u00bb100%\u00bb width_tablet=\u00bb100%\u00bb width_phone=\u00bb80%\u00bb width_last_edited=\u00bbon|phone\u00bb max_width=\u00bb1101.6px\u00bb custom_padding=\u00bb||||false|false\u00bb global_colors_info=\u00bb{}\u00bb][et_pb_column type=\u00bb1_2&#8243; _builder_version=\u00bb4.17.3&#8243; _module_preset=\u00bbdefault\u00bb global_colors_info=\u00bb{}\u00bb][et_pb_text _builder_version=\u00bb4.17.3&#8243; _module_preset=\u00bbdefault\u00bb text_font=\u00bbDroid Serif Classic||||||||\u00bb text_text_color=\u00bb#A37EE2&#8243; text_font_size=\u00bb19.4px\u00bb text_line_height=\u00bb1.2em\u00bb width_tablet=\u00bb\u00bb width_phone=\u00bb\u00bb width_last_edited=\u00bbon|phone\u00bb custom_padding=\u00bb||||false|false\u00bb hover_enabled=\u00bb0&#8243; global_colors_info=\u00bb{}\u00bb sticky_enabled=\u00bb0&#8243;]Visi\u00f3n del hombre[\/et_pb_text][et_pb_text _builder_version=\u00bb4.17.3&#8243; _module_preset=\u00bbdefault\u00bb text_font=\u00bbDroid Serif Italic||||||||\u00bb text_text_color=\u00bbrgba(38,38,38,0.43)\u00bb text_orientation=\u00bbjustified\u00bb width=\u00bb95%\u00bb width_tablet=\u00bb93%\u00bb width_phone=\u00bbauto\u00bb width_last_edited=\u00bbon|phone\u00bb module_alignment=\u00bbleft\u00bb hover_enabled=\u00bb0&#8243; module_alignment_tablet=\u00bbleft\u00bb module_alignment_phone=\u00bbleft\u00bb module_alignment_last_edited=\u00bbon|phone\u00bb global_colors_info=\u00bb{}\u00bb sticky_enabled=\u00bb0&#8243;]<\/p>\n<p>. Se considera al hombre como persona en tanto unidad biopsiquica-social-cultural\u00e9tica-trascendente, guiado por los valores universales que dan sentido a la vida humana.<br \/>. Se reconocen los derechos naturales del hombre.<br \/>. Se reconoce la superior dignidad humana desde la concepci\u00f3n.<br \/>. Se promueve el ejercicio responsable de la libertad.<br \/>. Se promueve el ejercicio no abusivo de todos los derechos del hombre en funci\u00f3n de los l\u00edmites emanados del bien com\u00fan.<br \/>. Se reconoce la imagen cristiana del hombre como hijo de Dios ca\u00eddo, redimido y justificado, sellado por el Esp\u00edritu Santo y part\u00edcipe del Cuerpo M\u00edstico de Cristo.<\/p>\n<p>[\/et_pb_text][et_pb_text _builder_version=\u00bb4.17.3&#8243; _module_preset=\u00bbdefault\u00bb text_font=\u00bbDroid Serif Classic||||||||\u00bb text_text_color=\u00bb#A37EE2&#8243; text_font_size=\u00bb19.4px\u00bb text_line_height=\u00bb1.2em\u00bb width_tablet=\u00bb\u00bb width_phone=\u00bb\u00bb width_last_edited=\u00bbon|phone\u00bb custom_padding=\u00bb||||false|false\u00bb hover_enabled=\u00bb0&#8243; module_alignment_tablet=\u00bb\u00bb module_alignment_phone=\u00bb\u00bb module_alignment_last_edited=\u00bbon|phone\u00bb global_colors_info=\u00bb{}\u00bb sticky_enabled=\u00bb0&#8243;]Visi\u00f3n de la familia[\/et_pb_text][et_pb_text _builder_version=\u00bb4.17.3&#8243; _module_preset=\u00bbdefault\u00bb text_font=\u00bbDroid Serif Italic||||||||\u00bb text_text_color=\u00bbrgba(38,38,38,0.43)\u00bb text_orientation=\u00bbjustified\u00bb width=\u00bb95%\u00bb width_tablet=\u00bb93%\u00bb width_phone=\u00bbauto\u00bb width_last_edited=\u00bbon|phone\u00bb module_alignment=\u00bbleft\u00bb hover_enabled=\u00bb0&#8243; module_alignment_tablet=\u00bbleft\u00bb module_alignment_phone=\u00bbleft\u00bb module_alignment_last_edited=\u00bbon|phone\u00bb global_colors_info=\u00bb{}\u00bb sticky_enabled=\u00bb0&#8243;]<\/p>\n<p>. Se reconoce a la familia como instituci\u00f3n b\u00e1sica de la sociedad y agente natural y primario de la educaci\u00f3n de sus hijos.<br \/>. Se reconoce el derecho de los padres de elegir la educaci\u00f3n de sus hijos.<br \/>. Se promueve la formaci\u00f3n de la comunidad educadora, fomentando el encuentro permanente y arm\u00f3nico entre familia y escuela.<\/p>\n<p>[\/et_pb_text][et_pb_text _builder_version=\u00bb4.17.3&#8243; _module_preset=\u00bbdefault\u00bb text_font=\u00bbDroid Serif Classic||||||||\u00bb text_text_color=\u00bb#A37EE2&#8243; text_font_size=\u00bb19.4px\u00bb text_line_height=\u00bb1.2em\u00bb width_tablet=\u00bb\u00bb width_phone=\u00bb\u00bb width_last_edited=\u00bbon|phone\u00bb custom_padding=\u00bb||||false|false\u00bb hover_enabled=\u00bb0&#8243; module_alignment_tablet=\u00bb\u00bb module_alignment_phone=\u00bb\u00bb module_alignment_last_edited=\u00bbon|phone\u00bb global_colors_info=\u00bb{}\u00bb sticky_enabled=\u00bb0&#8243;]Visi\u00f3n de la sociedad[\/et_pb_text][et_pb_text _builder_version=\u00bb4.17.3&#8243; _module_preset=\u00bbdefault\u00bb text_font=\u00bbDroid Serif Italic||||||||\u00bb text_text_color=\u00bbrgba(38,38,38,0.43)\u00bb text_orientation=\u00bbjustified\u00bb width=\u00bb95%\u00bb width_tablet=\u00bb93%\u00bb width_phone=\u00bbauto\u00bb width_last_edited=\u00bbon|phone\u00bb module_alignment=\u00bbleft\u00bb custom_margin=\u00bb-7px||||false|false\u00bb custom_padding=\u00bb||||false|false\u00bb hover_enabled=\u00bb0&#8243; module_alignment_tablet=\u00bbleft\u00bb module_alignment_phone=\u00bbleft\u00bb module_alignment_last_edited=\u00bbon|phone\u00bb global_colors_info=\u00bb{}\u00bb sticky_enabled=\u00bb0&#8243;]<\/p>\n<p>. Se reconoce a la sociedad como una realidad visible y espiritual en cuyo \u00e1mbito se desarrolla el respeto a la Justicia, a los Derechos Humanos Universales, a la Paz y a la Vida.<br \/>. Se reconoce al Estado como regulador de las actividades sociales al servicio del inter\u00e9s com\u00fan.<br \/>. Se reconoce al Estado como principal responsable de las actuaciones educativas y de la garant\u00eda de su calidad.<br \/>. Se fomenta el respeto al marco jur\u00eddico que reconoce y reglamenta el derecho constitucional de ense\u00f1ar y aprender.<\/p>\n<p>[\/et_pb_text][\/et_pb_column][et_pb_column type=\u00bb1_2&#8243; _builder_version=\u00bb4.17.3&#8243; _module_preset=\u00bbdefault\u00bb global_colors_info=\u00bb{}\u00bb][et_pb_text _builder_version=\u00bb4.17.3&#8243; _module_preset=\u00bbdefault\u00bb text_font=\u00bbDroid Serif Classic||||||||\u00bb text_text_color=\u00bb#A37EE2&#8243; text_font_size=\u00bb19.4px\u00bb text_line_height=\u00bb1.2em\u00bb width_tablet=\u00bb\u00bb width_phone=\u00bb\u00bb width_last_edited=\u00bbon|phone\u00bb custom_padding=\u00bb|||25px|false|false\u00bb custom_padding_tablet=\u00bb|||41px|false|false\u00bb custom_padding_phone=\u00bb|||0px|false|false\u00bb custom_padding_last_edited=\u00bbon|phone\u00bb hover_enabled=\u00bb0&#8243; module_alignment_tablet=\u00bb\u00bb module_alignment_phone=\u00bb\u00bb module_alignment_last_edited=\u00bbon|phone\u00bb global_colors_info=\u00bb{}\u00bb sticky_enabled=\u00bb0&#8243;]<\/p>\n<p>Visi\u00f3n de la educaci\u00f3n<\/p>\n<p>[\/et_pb_text][et_pb_text _builder_version=\u00bb4.17.3&#8243; _module_preset=\u00bbdefault\u00bb text_font=\u00bbDroid Serif Italic||||||||\u00bb text_text_color=\u00bbrgba(38,38,38,0.43)\u00bb text_line_height=\u00bb1.8em\u00bb text_orientation=\u00bbjustified\u00bb width=\u00bb95%\u00bb width_tablet=\u00bb92%\u00bb width_phone=\u00bbauto\u00bb width_last_edited=\u00bbon|phone\u00bb module_alignment=\u00bbright\u00bb hover_enabled=\u00bb0&#8243; module_alignment_tablet=\u00bbright\u00bb module_alignment_phone=\u00bb\u00bb module_alignment_last_edited=\u00bbon|phone\u00bb global_colors_info=\u00bb{}\u00bb sticky_enabled=\u00bb0&#8243;]<\/p>\n<p>. Se concibe a la Educaci\u00f3n como un derecho fundamental, como un derecho &#8211; deber de la familia y la sociedad y una obligaci\u00f3n permanente e inalienable del Estado.<br \/>. Se reconoce la funci\u00f3n personalista, personalizada y personalizaste de la Educaci\u00f3n.<br \/>. Se considera a la Educaci\u00f3n como medio insoslayable en la b\u00fasqueda de la Verdad y de la s\u00edntesis Fe y Cultura.<\/p>\n<p>[\/et_pb_text][et_pb_text _builder_version=\u00bb4.17.3&#8243; _module_preset=\u00bbdefault\u00bb text_font=\u00bbDroid Serif Classic||||||||\u00bb text_text_color=\u00bb#A37EE2&#8243; text_font_size=\u00bb19.4px\u00bb text_line_height=\u00bb1.2em\u00bb width_tablet=\u00bb\u00bb width_phone=\u00bb\u00bb width_last_edited=\u00bbon|phone\u00bb custom_padding=\u00bb|||25px|false|false\u00bb custom_padding_tablet=\u00bb|||41px|false|false\u00bb custom_padding_phone=\u00bb|||0px|false|false\u00bb custom_padding_last_edited=\u00bbon|phone\u00bb hover_enabled=\u00bb0&#8243; module_alignment_tablet=\u00bb\u00bb module_alignment_phone=\u00bb\u00bb module_alignment_last_edited=\u00bbon|phone\u00bb global_colors_info=\u00bb{}\u00bb sticky_enabled=\u00bb0&#8243;]Visi\u00f3n de la escuela[\/et_pb_text][et_pb_text _builder_version=\u00bb4.17.3&#8243; _module_preset=\u00bbdefault\u00bb text_font=\u00bbDroid Serif Italic||||||||\u00bb text_text_color=\u00bbrgba(38,38,38,0.43)\u00bb text_orientation=\u00bbjustified\u00bb width=\u00bb95%\u00bb width_tablet=\u00bb92%\u00bb width_phone=\u00bbauto\u00bb width_last_edited=\u00bbon|phone\u00bb module_alignment=\u00bbright\u00bb hover_enabled=\u00bb0&#8243; module_alignment_tablet=\u00bbright\u00bb module_alignment_phone=\u00bbright\u00bb module_alignment_last_edited=\u00bbon|phone\u00bb global_colors_info=\u00bb{}\u00bb sticky_enabled=\u00bb0&#8243;]. Se concibe a la escuela como \u00e1mbito espec\u00edfico de formaci\u00f3n integral del hombre a trav\u00e9s de la comunicaci\u00f3n sistem\u00e1tica y cr\u00edtica de la cultura, de la promoci\u00f3n de los valores universales y de la preparaci\u00f3n para la vida profesional.<br \/>\n. Como escuela cat\u00f3lica se asume el compromiso incondicional a una definida acci\u00f3n pastoral -educativo.<br \/>\n. Se considera a la escuela como instituci\u00f3n abierta a la comunidad, formadora de alumnos solidarios que sean capaces de percibir la problem\u00e1tica real del medio y de generar posibles soluciones. [\/et_pb_text][\/et_pb_column][\/et_pb_row][\/et_pb_section]<\/p>\n","protected":false},"excerpt":{"rendered":"<p>IDEARIO INSTITUCIONALLa Universidad Cat\u00f3lica de Cuyo, desde su creaci\u00f3n y a trav\u00e9s del tiempo, se proyecta sobre la comunidad sanjuanina como un haz de luz que ilumina en la Fe y en el Saber, las mentes y corazones de quienes se acercan a sus aulas. Las autoridades de esta Casa de Altos Estudios consideraron y [&hellip;]<\/p>\n","protected":false},"author":2,"featured_media":0,"parent":0,"menu_order":2,"comment_status":"closed","ping_status":"closed","template":"","meta":{"_et_pb_use_builder":"on","_et_pb_old_content":"<!-- wp:divi\/placeholder \/-->","_et_gb_content_width":"","footnotes":""},"class_list":["post-48","page","type-page","status-publish","hentry"],"_links":{"self":[{"href":"https:\/\/isb.uccuyo.edu.ar\/es-ar\/index.php\/wp-json\/wp\/v2\/pages\/48","targetHints":{"allow":["GET"]}}],"collection":[{"href":"https:\/\/isb.uccuyo.edu.ar\/es-ar\/index.php\/wp-json\/wp\/v2\/pages"}],"about":[{"href":"https:\/\/isb.uccuyo.edu.ar\/es-ar\/index.php\/wp-json\/wp\/v2\/types\/page"}],"author":[{"embeddable":true,"href":"https:\/\/isb.uccuyo.edu.ar\/es-ar\/index.php\/wp-json\/wp\/v2\/users\/2"}],"replies":[{"embeddable":true,"href":"https:\/\/isb.uccuyo.edu.ar\/es-ar\/index.php\/wp-json\/wp\/v2\/comments?post=48"}],"version-history":[{"count":50,"href":"https:\/\/isb.uccuyo.edu.ar\/es-ar\/index.php\/wp-json\/wp\/v2\/pages\/48\/revisions"}],"predecessor-version":[{"id":1406,"href":"https:\/\/isb.uccuyo.edu.ar\/es-ar\/index.php\/wp-json\/wp\/v2\/pages\/48\/revisions\/1406"}],"wp:attachment":[{"href":"https:\/\/isb.uccuyo.edu.ar\/es-ar\/index.php\/wp-json\/wp\/v2\/media?parent=48"}],"curies":[{"name":"wp","href":"https:\/\/api.w.org\/{rel}","templated":true}]}}